{"id":2009,"date":"2026-02-26T12:54:58","date_gmt":"2026-02-26T11:54:58","guid":{"rendered":"https:\/\/www.alkeom.law\/?page_id=2009"},"modified":"2026-02-26T12:54:58","modified_gmt":"2026-02-26T11:54:58","slug":"terms-of-use-legal-notice-3","status":"publish","type":"page","link":"https:\/\/www.alkeom.law\/en\/terms-of-use-legal-notice-3\/","title":{"rendered":"Terms of Use &#038; Legal Notice"},"content":{"rendered":"\n<figure class=\"wp-block-gallery has-nested-images columns-default is-cropped wp-block-gallery-1 is-layout-flex wp-block-gallery-is-layout-flex\">\n<figure class=\"wp-block-image size-large\"><img loading=\"lazy\" decoding=\"async\" width=\"641\" height=\"300\" data-id=\"1856\" src=\"https:\/\/www.alkeom.law\/wp-content\/uploads\/2026\/02\/Start-Scale-Incubateur-juridique-de-startups-du-cabinet-davocats-Alkeom-3.png\" alt=\"Start &amp; Scale - Incubateur juridique de startups du cabinet d'avocats Alkeom (3)\" class=\"wp-image-1856\" srcset=\"https:\/\/www.alkeom.law\/wp-content\/uploads\/2026\/02\/Start-Scale-Incubateur-juridique-de-startups-du-cabinet-davocats-Alkeom-3.png 641w, https:\/\/www.alkeom.law\/wp-content\/uploads\/2026\/02\/Start-Scale-Incubateur-juridique-de-startups-du-cabinet-davocats-Alkeom-3-300x140.png 300w\" sizes=\"auto, (max-width: 641px) 100vw, 641px\" \/><\/figure><\/figure>\n\n<p><\/p>\n\n<div class=\"wp-block-group\"><div class=\"wp-block-group__inner-container is-layout-constrained wp-block-group-is-layout-constrained\">\n<div class=\"wp-block-buttons is-content-justification-center is-layout-flex wp-container-core-buttons-is-layout-16018d1d wp-block-buttons-is-layout-flex\">\n<div class=\"wp-block-button has-custom-width wp-block-button__width-50 is-style-outline is-style-outline--2\"><a class=\"wp-block-button__link has-text-color has-link-color has-custom-font-size wp-element-button\" href=\"https:\/\/www.alkeom.law\/en\/offre\/impact-startups\/\" style=\"border-top-left-radius:30px;border-top-right-radius:30px;border-bottom-left-radius:30px;border-bottom-right-radius:30px;color:#1c352d;font-size:16px;text-decoration:none\">Retour au programme<\/a><\/div>\n<\/div>\n<\/div><\/div>\n\n<p><\/p>\n<div class=\"frm_forms  with_frm_style frm_style_style-formidable\" id=\"frm_form_2_container\" data-token=\"3b7958a61bfeb7858ea6485dcefaa7b4\">\n<form enctype=\"multipart\/form-data\" method=\"post\" class=\"frm-show-form \" id=\"form_contact-us\" data-token=\"3b7958a61bfeb7858ea6485dcefaa7b4\">\n<div class=\"frm_form_fields \">\n<fieldset>\n<legend class=\"frm_screen_reader\">Start & Scale : Demande de renseignements<\/legend>\r\n\r\n<div class=\"frm_fields_container\">\n<input type=\"hidden\" name=\"frm_action\" value=\"create\" \/>\n<input type=\"hidden\" name=\"form_id\" value=\"2\" \/>\n<input type=\"hidden\" name=\"frm_hide_fields_2\" id=\"frm_hide_fields_2\" value=\"\" \/>\n<input type=\"hidden\" name=\"form_key\" value=\"contact-us\" \/>\n<input type=\"hidden\" name=\"item_meta[0]\" value=\"\" \/>\n<input type=\"hidden\" id=\"frm_submit_entry_2\" name=\"frm_submit_entry_2\" value=\"7c019d23c3\" \/><input type=\"hidden\" name=\"_wp_http_referer\" value=\"\/en\/wp-json\/wp\/v2\/pages\/2009\" \/><div id=\"frm_field_25_container\" class=\"frm_form_field form-field  frm_required_field frm_top_container frm6 frm_first\">\n\t<label for=\"field_vyp5m\" id=\"field_vyp5m_label\" class=\"frm_primary_label\">Nom\n\t\t<span class=\"frm_required\" aria-hidden=\"true\">*<\/span>\n\t<\/label>\n\t<input type=\"text\" id=\"field_vyp5m\" name=\"item_meta[25]\" value=\"\"  data-reqmsg=\"Nom ne peut pas \u00eatre vide.\" aria-required=\"true\" data-invmsg=\"Nom est non valide\" aria-invalid=\"false\"  \/>\n\t\n\t\n<\/div>\n<div id=\"frm_field_26_container\" class=\"frm_form_field form-field  frm_required_field frm_top_container frm6\">\n\t<label for=\"field_on8wh\" id=\"field_on8wh_label\" class=\"frm_primary_label\">Pr\u00e9nom\n\t\t<span class=\"frm_required\" aria-hidden=\"true\">*<\/span>\n\t<\/label>\n\t<input type=\"text\" id=\"field_on8wh\" name=\"item_meta[26]\" value=\"\"  data-reqmsg=\"Pr\u00e9nom ne peut pas \u00eatre vide.\" aria-required=\"true\" data-invmsg=\"Pr\u00e9nom est non valide\" aria-invalid=\"false\"  \/>\n\t\n\t\n<\/div>\n<div id=\"frm_field_8_container\" class=\"frm_form_field form-field  frm_required_field frm_top_container frm6 frm6 frm_first\">\r\n    <label for=\"field_29yf4d2\" class=\"frm_primary_label\">Email\r\n        <span class=\"frm_required\">*<\/span>\r\n    <\/label>\r\n    <input type=\"email\" id=\"field_29yf4d2\" name=\"item_meta[8]\" value=\"\"  data-reqmsg=\"Email cannot be blank.\" aria-required=\"true\" data-invmsg=\"Please enter a valid email address\" aria-invalid=\"false\"  \/>\r\n    \r\n    \r\n<\/div>\n<div id=\"frm_field_12_container\" class=\"frm_form_field form-field  frm_required_field frm_top_container frm6\">\r\n\t<label for=\"field_f7f9u\" id=\"field_f7f9u_label\" class=\"frm_primary_label\">T\u00e9l\u00e9phone\r\n\t\t<span class=\"frm_required\" aria-hidden=\"true\">*<\/span>\r\n\t<\/label>\r\n\t<input type=\"tel\" id=\"field_f7f9u\" name=\"item_meta[12]\" value=\"\"  data-reqmsg=\"T\u00e9l\u00e9phone ne peut pas \u00eatre vide.\" aria-required=\"true\" data-invmsg=\"T\u00e9l\u00e9phone est non valide\" aria-invalid=\"false\" pattern=\"((\\+\\d{1,3}(-|.| )?\\(?\\d\\)?(-| |.)?\\d{1,5})|(\\(?\\d{2,6}\\)?))(-|.| )?(\\d{3,4})(-|.| )?(\\d{4})(( x| ext)\\d{1,5}){0,1}$\"  \/>\r\n\t\r\n\t\r\n<\/div>\n<div id=\"frm_field_23_container\" class=\"frm_form_field form-field  frm_top_container frm6 frm_first\">\r\n\t<label for=\"field_xc9jk\" id=\"field_xc9jk_label\" class=\"frm_primary_label\">Soci\u00e9t\u00e9 (si d\u00e9j\u00e0 cr\u00e9\u00e9e)\r\n\t\t<span class=\"frm_required\" aria-hidden=\"true\"><\/span>\r\n\t<\/label>\r\n\t<input type=\"text\" id=\"field_xc9jk\" name=\"item_meta[23]\" value=\"\"  data-invmsg=\"Soci\u00e9t\u00e9 (si d\u00e9j\u00e0 cr\u00e9\u00e9e) est non valide\" aria-invalid=\"false\"  \/>\r\n\t\r\n\t\r\n<\/div>\n<div id=\"frm_field_22_container\" class=\"frm_form_field form-field  frm_top_container frm6\">\r\n\t<label for=\"field_gr3tq\" id=\"field_gr3tq_label\" class=\"frm_primary_label\">Site Web (si d\u00e9j\u00e0 cr\u00e9\u00e9)\r\n\t\t<span class=\"frm_required\" aria-hidden=\"true\"><\/span>\r\n\t<\/label>\r\n\t<input type=\"url\" id=\"field_gr3tq\" name=\"item_meta[22]\" value=\"\"  data-invmsg=\"Site Web (si d\u00e9j\u00e0 cr\u00e9\u00e9) est non valide\" aria-invalid=\"false\"  \/>\r\n\t\r\n\t\r\n<\/div>\n<div id=\"frm_field_17_container\" class=\"frm_form_field form-field  frm_required_field frm_top_container\">\r\n\t<label for=\"field_wmkzi\" id=\"field_wmkzi_label\" class=\"frm_primary_label\">Quelques mots sur votre projet ?\r\n\t\t<span class=\"frm_required\" aria-hidden=\"true\">*<\/span>\r\n\t<\/label>\r\n\t<textarea name=\"item_meta[17]\" id=\"field_wmkzi\" rows=\"3\"  data-frmval=\"Parlez-nous du service \/ produit que vous d\u00e9veloppez, du secteur dans lequel vous \u00e9voluez, de votre roadmap, de l&#039;\u00e9quipe fondatrice, etc.\" data-reqmsg=\"Quelques mots sur votre projet ? ne peut pas \u00eatre vide.\" aria-required=\"true\" data-invmsg=\"Quelques mots sur votre projet ? is invalid\" aria-invalid=\"false\"  >Parlez-nous du service \/ produit que vous d\u00e9veloppez, du secteur dans lequel vous \u00e9voluez, de votre roadmap, de l'\u00e9quipe fondatrice, etc.<\/textarea>\r\n\t\r\n\t\r\n<\/div>\n<div id=\"frm_field_19_container\" class=\"frm_form_field form-field  frm_required_field frm_top_container\">\r\n\t<label for=\"field_hzx7k\" id=\"field_hzx7k_label\" class=\"frm_primary_label\">Sur quel(s) sujet(s) \/ probl\u00e9matique(s) souhaiteriez-vous nous consulter ?\r\n\t\t<span class=\"frm_required\" aria-hidden=\"true\">*<\/span>\r\n\t<\/label>\r\n\t<textarea name=\"item_meta[19]\" id=\"field_hzx7k\" rows=\"3\"  data-reqmsg=\"Sur quel(s) sujet(s) \/ probl\u00e9matique(s) souhaiteriez-vous nous consulter ? ne peut pas \u00eatre vide.\" aria-required=\"true\" data-invmsg=\"Sur quel(s) sujet(s) \/ probl\u00e9matique(s) souhaiteriez-vous nous consulter ? is invalid\" aria-invalid=\"false\"  ><\/textarea>\r\n\t\r\n\t\r\n<\/div>\n<div id=\"frm_field_29_container\" class=\"frm_form_field form-field  frm_top_container\">\n\t<label for=\"field_u6l3p\" id=\"field_u6l3p_label\" class=\"frm_primary_label\">Quelles sont vos prochaines disponibilit\u00e9s (jours et cr\u00e9neaux horaires) pour un \u00e9change t\u00e9l\u00e9phonique pr\u00e9liminaire avec un avocat ?\n\t\t<span class=\"frm_required\" aria-hidden=\"true\"><\/span>\n\t<\/label>\n\t<textarea name=\"item_meta[29]\" id=\"field_u6l3p\" rows=\"2\"  data-invmsg=\"Quelles sont vos prochaines disponibilit\u00e9s (jours et cr\u00e9neaux horaires) pour un \u00e9change t\u00e9l\u00e9phonique pr\u00e9liminaire avec un avocat ? is invalid\" aria-invalid=\"false\"  ><\/textarea>\n\t\n\t\n<\/div>\n<div id=\"frm_field_20_container\" class=\"frm_form_field form-field  frm_top_container\">\r\n\t<label for=\"field_gve2g\" id=\"field_gve2g_label\" class=\"frm_primary_label\">Etes-vous membre d'un incubateur ou autre programme d'accompagnement ?\r\n\t\t<span class=\"frm_required\" aria-hidden=\"true\"><\/span>\r\n\t<\/label>\r\n\t<input type=\"text\" id=\"field_gve2g\" name=\"item_meta[20]\" value=\"\"  data-invmsg=\"Etes-vous membre d&#039;un incubateur ou autre programme d&#039;accompagnement ? est non valide\" aria-invalid=\"false\"  \/>\r\n\t\r\n\t\r\n<\/div>\n<div id=\"frm_field_21_container\" class=\"frm_form_field form-field  frm_top_container\">\r\n\t<label for=\"field_zwq0d\" id=\"field_zwq0d_label\" class=\"frm_primary_label\">Comment avez-vous connu le cabinet ?\r\n\t\t<span class=\"frm_required\" aria-hidden=\"true\"><\/span>\r\n\t<\/label>\r\n\t<input type=\"text\" id=\"field_zwq0d\" name=\"item_meta[21]\" value=\"\"  data-invmsg=\"Comment avez-vous connu le cabinet ? est non valide\" aria-invalid=\"false\"  \/>\r\n\t\r\n\t\r\n<\/div>\n<div id=\"frm_field_27_container\" class=\"frm_form_field form-field  frm_required_field frm_top_container vertical_radio\">\n\t<div  id=\"field_g3fvg_label\" class=\"frm_primary_label\">Conditions d'utilisation et politique de protection des donn\u00e9es personnelles\n\t\t<span class=\"frm_required\" aria-hidden=\"true\">*<\/span>\n\t<\/div>\n\t<div class=\"frm_opt_container\" aria-labelledby=\"field_g3fvg_label\" role=\"group\">\t\t<div class=\"frm_checkbox\" id=\"frm_checkbox_27-0\">\t\t\t<label  for=\"field_g3fvg-0\">\n\t\t\t<input type=\"checkbox\" name=\"item_meta[27][]\" id=\"field_g3fvg-0\" value=\"J\u2019ai bien pris connaissance des conditions d\u2019utilisation du site et de la politique de protection des donn\u00e9es personnelles (liens en bas de page).\"  data-reqmsg=\"Conditions d&#039;utilisation et politique de protection des donn\u00e9es personnelles ne peut pas \u00eatre vide.\" data-invmsg=\"Conditions d&#039;utilisation et politique de protection des donn\u00e9es personnelles est non valide\"   aria-required=\"true\"  \/> J\u2019ai bien pris connaissance des conditions d\u2019utilisation du site et de la politique de protection des donn\u00e9es personnelles (liens en bas de page).<\/label><\/div>\n<\/div>\n\t\n\t\n<\/div>\n<div id=\"frm_field_11_container\" class=\"frm_form_field form-field  frm12 frm_aligncenter\">\r\n\t<div class=\"frm_submit\">\r\n\r\n<button class=\"frm_button_submit\" type=\"submit\" >Envoyer au cabinet<\/button>\r\n\r\n<\/div>\r\n<\/div>\n\t<input type=\"hidden\" name=\"item_key\" value=\"\" \/>\n\t\t\t<div id=\"frm_field_84_container\">\n\t\t\t<label for=\"field_9f0l4\" >\n\t\t\t\tIf you are human, leave this field blank.\t\t\t<\/label>\n\t\t\t<input  id=\"field_9f0l4\" type=\"text\" class=\"frm_form_field form-field frm_verify\" name=\"item_meta[84]\" value=\"\"  \/>\n\t\t<\/div>\n\t\t<input name=\"frm_state\" type=\"hidden\" value=\"TexYV3olFWFBqBt47GEm3461k47k5Jy19brml6+fe6s=\" \/><\/div>\n<\/fieldset>\n<\/div>\n\n<p style=\"display: none !important;\" class=\"akismet-fields-container\" data-prefix=\"ak_\"><label>&#916;<textarea name=\"ak_hp_textarea\" cols=\"45\" rows=\"8\" maxlength=\"100\"><\/textarea><\/label><input type=\"hidden\" id=\"ak_js_1\" name=\"ak_js\" value=\"73\"\/><script>document.getElementById( \"ak_js_1\" ).setAttribute( \"value\", ( new Date() ).getTime() );<\/script><\/p><\/form>\n<\/div>\n\n\n<p class=\"has-text-align-center\">Un avocat va prendre connaissance de votre demande et vous recontactera dans quelques jours pour un \u00e9change pr\u00e9liminaire (d\u00e9lai usuel d&#8217;un \u00e0 deux jours ouvr\u00e9s). En cas de demande urgente, merci de l&#8217;indiquer dans la description de votre besoin.<\/p>\n\n<p><\/p>\n\n<div class=\"wp-block-group\"><div class=\"wp-block-group__inner-container is-layout-constrained wp-block-group-is-layout-constrained\">\n<div class=\"wp-block-buttons is-content-justification-center is-layout-flex wp-container-core-buttons-is-layout-16018d1d wp-block-buttons-is-layout-flex\">\n<div class=\"wp-block-button has-custom-width wp-block-button__width-50 is-style-outline is-style-outline--3\"><a class=\"wp-block-button__link has-text-color has-link-color has-custom-font-size wp-element-button\" href=\"https:\/\/www.alkeom.law\/en\/offre\/impact-startups\/\" style=\"border-top-left-radius:30px;border-top-right-radius:30px;border-bottom-left-radius:30px;border-bottom-right-radius:30px;color:#1c352d;font-size:16px;text-decoration:none\">Retour au programme<\/a><\/div>\n<\/div>\n<\/div><\/div>\n\n<p><\/p>\n","protected":false},"excerpt":{"rendered":"<p>Un avocat va prendre connaissance de votre demande et vous recontactera dans quelques jours pour un \u00e9change pr\u00e9liminaire (d\u00e9lai usuel d&#8217;un \u00e0 deux jours ouvr\u00e9s). En cas de demande urgente, merci de l&#8217;indiquer dans la description de votre besoin.<\/p>\n","protected":false},"author":9,"featured_media":0,"parent":0,"menu_order":7,"comment_status":"closed","ping_status":"closed","template":"pages\/privacy.php","meta":{"_acf_changed":false,"footnotes":""},"class_list":["post-2009","page","type-page","status-publish","hentry"],"acf":[],"yoast_head":"<!-- This site is optimized with the Yoast SEO plugin v26.8 - https:\/\/yoast.com\/product\/yoast-seo-wordpress\/ -->\n<title>Terms of Use &amp; Legal Notice - Alkeom<\/title>\n<meta name=\"robots\" content=\"index, follow, max-snippet:-1, max-image-preview:large, max-video-preview:-1\" \/>\n<link rel=\"canonical\" href=\"https:\/\/www.alkeom.law\/en\/terms-of-use-legal-notice-3\/\" \/>\n<meta property=\"og:locale\" content=\"en_US\" \/>\n<meta property=\"og:type\" content=\"article\" \/>\n<meta property=\"og:title\" content=\"Terms of Use &amp; Legal Notice - Alkeom\" \/>\n<meta property=\"og:description\" content=\"Un avocat va prendre connaissance de votre demande et vous recontactera dans quelques jours pour un \u00e9change pr\u00e9liminaire (d\u00e9lai usuel d&#8217;un \u00e0 deux jours ouvr\u00e9s). En cas de demande urgente, merci de l&#8217;indiquer dans la description de votre besoin.\" \/>\n<meta property=\"og:url\" content=\"https:\/\/www.alkeom.law\/en\/terms-of-use-legal-notice-3\/\" \/>\n<meta property=\"og:site_name\" content=\"Alkeom\" \/>\n<meta property=\"og:image\" content=\"https:\/\/www.alkeom.law\/wp-content\/uploads\/2026\/02\/Start-Scale-Incubateur-juridique-de-startups-du-cabinet-davocats-Alkeom-3.png\" \/>\n\t<meta property=\"og:image:width\" content=\"641\" \/>\n\t<meta property=\"og:image:height\" content=\"300\" \/>\n\t<meta property=\"og:image:type\" content=\"image\/png\" \/>\n<meta name=\"twitter:card\" content=\"summary_large_image\" \/>\n<meta name=\"twitter:label1\" content=\"Est. reading time\" \/>\n\t<meta name=\"twitter:data1\" content=\"2 minutes\" \/>\n<script type=\"application\/ld+json\" class=\"yoast-schema-graph\">{\"@context\":\"https:\/\/schema.org\",\"@graph\":[{\"@type\":\"WebPage\",\"@id\":\"https:\/\/www.alkeom.law\/en\/terms-of-use-legal-notice-3\/\",\"url\":\"https:\/\/www.alkeom.law\/en\/terms-of-use-legal-notice-3\/\",\"name\":\"Terms of Use & Legal Notice - Alkeom\",\"isPartOf\":{\"@id\":\"https:\/\/www.alkeom.law\/#website\"},\"primaryImageOfPage\":{\"@id\":\"https:\/\/www.alkeom.law\/en\/terms-of-use-legal-notice-3\/#primaryimage\"},\"image\":{\"@id\":\"https:\/\/www.alkeom.law\/en\/terms-of-use-legal-notice-3\/#primaryimage\"},\"thumbnailUrl\":\"https:\/\/www.alkeom.law\/wp-content\/uploads\/2026\/02\/Start-Scale-Incubateur-juridique-de-startups-du-cabinet-davocats-Alkeom-3.png\",\"datePublished\":\"2026-02-26T11:54:58+00:00\",\"breadcrumb\":{\"@id\":\"https:\/\/www.alkeom.law\/en\/terms-of-use-legal-notice-3\/#breadcrumb\"},\"inLanguage\":\"en-US\",\"potentialAction\":[{\"@type\":\"ReadAction\",\"target\":[\"https:\/\/www.alkeom.law\/en\/terms-of-use-legal-notice-3\/\"]}]},{\"@type\":\"ImageObject\",\"inLanguage\":\"en-US\",\"@id\":\"https:\/\/www.alkeom.law\/en\/terms-of-use-legal-notice-3\/#primaryimage\",\"url\":\"https:\/\/www.alkeom.law\/wp-content\/uploads\/2026\/02\/Start-Scale-Incubateur-juridique-de-startups-du-cabinet-davocats-Alkeom-3.png\",\"contentUrl\":\"https:\/\/www.alkeom.law\/wp-content\/uploads\/2026\/02\/Start-Scale-Incubateur-juridique-de-startups-du-cabinet-davocats-Alkeom-3.png\"},{\"@type\":\"BreadcrumbList\",\"@id\":\"https:\/\/www.alkeom.law\/en\/terms-of-use-legal-notice-3\/#breadcrumb\",\"itemListElement\":[{\"@type\":\"ListItem\",\"position\":1,\"name\":\"Accueil\",\"item\":\"https:\/\/www.alkeom.law\/en\/\"},{\"@type\":\"ListItem\",\"position\":2,\"name\":\"Terms of Use &#038; Legal Notice\"}]},{\"@type\":\"WebSite\",\"@id\":\"https:\/\/www.alkeom.law\/#website\",\"url\":\"https:\/\/www.alkeom.law\/\",\"name\":\"alkeom\",\"description\":\"\",\"publisher\":{\"@id\":\"https:\/\/www.alkeom.law\/#organization\"},\"potentialAction\":[{\"@type\":\"SearchAction\",\"target\":{\"@type\":\"EntryPoint\",\"urlTemplate\":\"https:\/\/www.alkeom.law\/?s={search_term_string}\"},\"query-input\":{\"@type\":\"PropertyValueSpecification\",\"valueRequired\":true,\"valueName\":\"search_term_string\"}}],\"inLanguage\":\"en-US\"},{\"@type\":\"Organization\",\"@id\":\"https:\/\/www.alkeom.law\/#organization\",\"name\":\"alkeom\",\"url\":\"https:\/\/www.alkeom.law\/\",\"logo\":{\"@type\":\"ImageObject\",\"inLanguage\":\"en-US\",\"@id\":\"https:\/\/www.alkeom.law\/#\/schema\/logo\/image\/\",\"url\":\"https:\/\/www.alkeom.law\/wp-content\/uploads\/2025\/02\/ALKEOM_LOGO-1.png\",\"contentUrl\":\"https:\/\/www.alkeom.law\/wp-content\/uploads\/2025\/02\/ALKEOM_LOGO-1.png\",\"width\":153,\"height\":56,\"caption\":\"alkeom\"},\"image\":{\"@id\":\"https:\/\/www.alkeom.law\/#\/schema\/logo\/image\/\"}}]}<\/script>\n<!-- \/ Yoast SEO plugin. -->","yoast_head_json":{"title":"Terms of Use & Legal Notice - Alkeom","robots":{"index":"index","follow":"follow","max-snippet":"max-snippet:-1","max-image-preview":"max-image-preview:large","max-video-preview":"max-video-preview:-1"},"canonical":"https:\/\/www.alkeom.law\/en\/terms-of-use-legal-notice-3\/","og_locale":"en_US","og_type":"article","og_title":"Terms of Use & Legal Notice - Alkeom","og_description":"Un avocat va prendre connaissance de votre demande et vous recontactera dans quelques jours pour un \u00e9change pr\u00e9liminaire (d\u00e9lai usuel d&#8217;un \u00e0 deux jours ouvr\u00e9s). En cas de demande urgente, merci de l&#8217;indiquer dans la description de votre besoin.","og_url":"https:\/\/www.alkeom.law\/en\/terms-of-use-legal-notice-3\/","og_site_name":"Alkeom","og_image":[{"width":641,"height":300,"url":"https:\/\/www.alkeom.law\/wp-content\/uploads\/2026\/02\/Start-Scale-Incubateur-juridique-de-startups-du-cabinet-davocats-Alkeom-3.png","type":"image\/png"}],"twitter_card":"summary_large_image","twitter_misc":{"Est. reading time":"2 minutes"},"schema":{"@context":"https:\/\/schema.org","@graph":[{"@type":"WebPage","@id":"https:\/\/www.alkeom.law\/en\/terms-of-use-legal-notice-3\/","url":"https:\/\/www.alkeom.law\/en\/terms-of-use-legal-notice-3\/","name":"Terms of Use & Legal Notice - Alkeom","isPartOf":{"@id":"https:\/\/www.alkeom.law\/#website"},"primaryImageOfPage":{"@id":"https:\/\/www.alkeom.law\/en\/terms-of-use-legal-notice-3\/#primaryimage"},"image":{"@id":"https:\/\/www.alkeom.law\/en\/terms-of-use-legal-notice-3\/#primaryimage"},"thumbnailUrl":"https:\/\/www.alkeom.law\/wp-content\/uploads\/2026\/02\/Start-Scale-Incubateur-juridique-de-startups-du-cabinet-davocats-Alkeom-3.png","datePublished":"2026-02-26T11:54:58+00:00","breadcrumb":{"@id":"https:\/\/www.alkeom.law\/en\/terms-of-use-legal-notice-3\/#breadcrumb"},"inLanguage":"en-US","potentialAction":[{"@type":"ReadAction","target":["https:\/\/www.alkeom.law\/en\/terms-of-use-legal-notice-3\/"]}]},{"@type":"ImageObject","inLanguage":"en-US","@id":"https:\/\/www.alkeom.law\/en\/terms-of-use-legal-notice-3\/#primaryimage","url":"https:\/\/www.alkeom.law\/wp-content\/uploads\/2026\/02\/Start-Scale-Incubateur-juridique-de-startups-du-cabinet-davocats-Alkeom-3.png","contentUrl":"https:\/\/www.alkeom.law\/wp-content\/uploads\/2026\/02\/Start-Scale-Incubateur-juridique-de-startups-du-cabinet-davocats-Alkeom-3.png"},{"@type":"BreadcrumbList","@id":"https:\/\/www.alkeom.law\/en\/terms-of-use-legal-notice-3\/#breadcrumb","itemListElement":[{"@type":"ListItem","position":1,"name":"Accueil","item":"https:\/\/www.alkeom.law\/en\/"},{"@type":"ListItem","position":2,"name":"Terms of Use &#038; Legal Notice"}]},{"@type":"WebSite","@id":"https:\/\/www.alkeom.law\/#website","url":"https:\/\/www.alkeom.law\/","name":"alkeom","description":"","publisher":{"@id":"https:\/\/www.alkeom.law\/#organization"},"potentialAction":[{"@type":"SearchAction","target":{"@type":"EntryPoint","urlTemplate":"https:\/\/www.alkeom.law\/?s={search_term_string}"},"query-input":{"@type":"PropertyValueSpecification","valueRequired":true,"valueName":"search_term_string"}}],"inLanguage":"en-US"},{"@type":"Organization","@id":"https:\/\/www.alkeom.law\/#organization","name":"alkeom","url":"https:\/\/www.alkeom.law\/","logo":{"@type":"ImageObject","inLanguage":"en-US","@id":"https:\/\/www.alkeom.law\/#\/schema\/logo\/image\/","url":"https:\/\/www.alkeom.law\/wp-content\/uploads\/2025\/02\/ALKEOM_LOGO-1.png","contentUrl":"https:\/\/www.alkeom.law\/wp-content\/uploads\/2025\/02\/ALKEOM_LOGO-1.png","width":153,"height":56,"caption":"alkeom"},"image":{"@id":"https:\/\/www.alkeom.law\/#\/schema\/logo\/image\/"}}]}},"_links":{"self":[{"href":"https:\/\/www.alkeom.law\/en\/wp-json\/wp\/v2\/pages\/2009","targetHints":{"allow":["GET"]}}],"collection":[{"href":"https:\/\/www.alkeom.law\/en\/wp-json\/wp\/v2\/pages"}],"about":[{"href":"https:\/\/www.alkeom.law\/en\/wp-json\/wp\/v2\/types\/page"}],"author":[{"embeddable":true,"href":"https:\/\/www.alkeom.law\/en\/wp-json\/wp\/v2\/users\/9"}],"replies":[{"embeddable":true,"href":"https:\/\/www.alkeom.law\/en\/wp-json\/wp\/v2\/comments?post=2009"}],"version-history":[{"count":1,"href":"https:\/\/www.alkeom.law\/en\/wp-json\/wp\/v2\/pages\/2009\/revisions"}],"predecessor-version":[{"id":2010,"href":"https:\/\/www.alkeom.law\/en\/wp-json\/wp\/v2\/pages\/2009\/revisions\/2010"}],"wp:attachment":[{"href":"https:\/\/www.alkeom.law\/en\/wp-json\/wp\/v2\/media?parent=2009"}],"curies":[{"name":"wp","href":"https:\/\/api.w.org\/{rel}","templated":true}]}}